{"id":26,"date":"2023-01-24T01:06:21","date_gmt":"2023-01-24T00:06:21","guid":{"rendered":"https:\/\/www.assekuranzsoftware.de\/wordpress\/?page_id=26"},"modified":"2023-01-27T13:34:11","modified_gmt":"2023-01-27T12:34:11","slug":"impressum","status":"publish","type":"page","link":"https:\/\/www.assekuranzsoftware.de\/wordpress\/impressum\/","title":{"rendered":"Impressum"},"content":{"rendered":"\r\n<figure class=\"wp-block-table\">\r\n<table>\r\n<tbody>\r\n<tr>\r\n<td>Impressum<\/td>\r\n<\/tr>\r\n<tr>\r\n<td>Verantwortlich nach Paragraph 10 MDStV: Dipl.-Ing. J\u00f6rg Hoffmann<br \/><br \/>Hoffmann Software<br \/>Borstendorfer Str. 12<br \/>D-09575 Eppendorf\u00a0<br \/>Tel:\u00a0 037293 798263<br \/>Fax: 037293 798264<br \/>Steuer-Nr..: 220\/232\/04758J\u00f6rg Hoffmann Consorsbank\u00a0<br \/>IBAN:\u00a0 DE34760300800230075245\u00a0<br \/>BIC-Code: CSDBDE71XXXAls Kleinunternehmer im Sinne von \u00a7 19 Abs. 1 UStG wird Umsatzsteuer nicht berechnet!<\/td>\r\n<\/tr>\r\n<tr>\r\n<td><strong>Sie erreichen uns unter folgenden Domains:<\/strong>hoffmann-software.de, kurstrend.com, assekuranzsoftware.de, lotto-experte.de, lotto-experte.eu, keno.software, jhss.de, jahreswandel.de<\/td>\r\n<\/tr>\r\n<tr>\r\n<td><strong>Hinweis:<\/strong><br \/><br \/>Windows 95, Windows 98,Windows ME, Windows 2000, Windows XP und Windows NT sind registrierte Warenzeichen von Microsoft. Alle benutzen Warenzeichen und Firmenbezeichnungen unterliegen dem Copyright der jeweiligen Firmen. Hoffmann-Software haftet nicht f\u00fcr Links oder den Inhalt der Homepages, die \u00fcber einen Link von unserer Site und Programmen erreicht werden k\u00f6nnen.<\/td>\r\n<\/tr>\r\n<\/tbody>\r\n<\/table>\r\n<\/figure>\r\n\r\n\r\n\r\n<figure class=\"wp-block-table\">\r\n<table>\r\n<tbody>\r\n<tr>\r\n<td><strong>Haftungsausschluss<\/strong><\/td>\r\n<\/tr>\r\n<tr>\r\n<td>Die bereitgestellten Informationen und Programme auf der Webseite von\u00a0<strong>Hoffmann Software<\/strong>\u00a0wurden sorgf\u00e4ltig gepr\u00fcft und werden regelm\u00e4\u00dfig aktualisiert. Jedoch kann keine Haftung oder Garantie daf\u00fcr \u00fcbernommen werden, dass alle Angaben zu jeder Zeit vollst\u00e4ndig, richtig und in letzter Aktualit\u00e4t dargestellt sind. Dies gilt insbesondere f\u00fcr alle Verbindungen (&#8222;Links&#8220;) zu anderen Webseiten, auf die direkt oder indirekt verwiesen wird. Hinsichtlich der Links erkl\u00e4rt\u00a0<strong>Hoffmann Software<\/strong>\u00a0ausdr\u00fccklich, dass sie keinerlei Einfluss auf die Gestaltung und die Inhalte der verlinkten Seiten hat und sich diese Inhalte nicht zu eigen macht. Diese Erkl\u00e4rung gilt f\u00fcr alle auf der Webseite und in den Programmen von\u00a0<strong>Hoffmann Software<\/strong>\u00a0angezeigten Links und f\u00fcr alle Inhalte der Seiten, zu denen die bei\u00a0<strong>Hoffmann Software<\/strong>\u00a0angemeldeten Banner und Links f\u00fchren.Im Falle von wettbewerbsrechtlichen, domainrechtlichen, urheberrechtlichen, markenrechten oder \u00e4hnlichen Problemen bitten wir Sie, uns zur Vermeidung unn\u00f6tiger Rechtsstreite und Kosten bereits im Vorfeld zu kontaktieren. Die Kostennote einer anwaltlichen Abmahnung ohne vorhergehende Kontaktaufnahme wird im Sinne der Schadensminderungspflicht als unbegr\u00fcndet zur\u00fcckgewiesen!<\/td>\r\n<\/tr>\r\n<tr>\r\n<td>Datenschutz<\/td>\r\n<\/tr>\r\n<tr>\r\n<td><strong>Cookies<\/strong>Cookies sind Textdateien, die bei dem Besuch auf einer Internetseite auf dem Computer des Benutzers gespeichert werden. diese Website verwendet Cookies, um das Angebot nutzerfreundlich, effektiver und sicherer zu machen. Dank dieser Dateien ist es beispielsweise m\u00f6glich, dass Sie speziell auf Ihre Interessen abgestimmte Informationen auf der Seite angezeigt bekommen. Der ausschlie\u00dfliche Zweck besteht also darin, unser Angebot Ihren Kundenw\u00fcnschen bestm\u00f6glich anzupassen und Ihnen das Surfen bei uns so komfortabel wie m\u00f6glich zu gestalten und die Navigation zu erleichtern. Diese Website folgt der Richtlinie (\u00a796.Abs.3.TKG.03) zum Nutzerhinweis auf die Verwendung von Cookies. Quelle:\u00a0<a href=\"http:\/\/eigene-homepage.net\/cookie-hinweis\" target=\"_blank\" rel=\"noreferrer noopener\">http:\/\/eigene-homepage.net\/cookie-hinweis<\/a><strong>Google Analytics<\/strong>Diese Website nutzt Google Analytics, einen Webanalysedienst der Google Inc. (\u201eGoogle, USA\u201c). Google Analytics verwendet sog. \u201eCookies\u201c, Textdateien, die in Ihrem Browser gespeichert werden. Die durch den Cookie erzeugten Informationen \u00fcber Ihre Benutzung dieser Website werden in der Regel an einen Server von Google in den USA \u00fcbertragen und dort gespeichert. Durch Aktivierung der IP-Anonymisierung wird Ihre IP-Adresse von Google innerhalb von Mitgliedstaaten der Europ\u00e4ischen Union oder in anderen Vertragsstaaten des Abkommens \u00fcber den Europ\u00e4ischen Wirtschaftsraum zuvor gek\u00fcrzt. Google wird Besucherverhalten auszuwerten, um Reports \u00fcber die Websiteaktivit\u00e4ten zusammenzustellen und um weitere mit der Websitenutzung und der Internetnutzung verbundene Dienstleistungen gegen\u00fcber dem Websitebetreiber zu erbringen.<strong>Facebook-Plugins (Like-Button)<\/strong>Auf der Seite sind Like-Buttons des sozialen Netzwerks Facebook (Facebook Inc., 1601 Willow Road, Menlo Park, California, 94025, USA) integriert. Wenn Sie unsere Seiten besuchen, wird \u00fcber das Plugin eine Verbindung zwischen Ihrem Browser und Facebook hergestellt. Facebook erh\u00e4lt dadurch die Information, dass Sie unsere Seite besucht haben. Wenn Sie den \u201eLike-Button\u201c klicken w\u00e4hrend Sie in Ihrem Facebook-Account eingeloggt sind, k\u00f6nnen die Inhalte unserer Seiten mit Ihrem Facebook-Profil in Verbindung gebracht werden. Dadurch kann Facebook den Besuch unserer Seiten Ihrem Benutzerkonto zuordnen. Der Betreiber dieses Online-Angebotes hat keine Kenntnis \u00fcber den Inhalten \u00fcbermittelter Daten, sowie deren Nutzung durch Facebook. Wenn Sie nicht w\u00fcnschen, dass Facebook den Besuch unserer Seiten Ihrem Facebook-Account zuordnen kann, loggen Sie sich bitte aus Ihrem Facebook-Benutzerkonto aus.<\/td>\r\n<\/tr>\r\n<\/tbody>\r\n<\/table>\r\n<\/figure>\r\n","protected":false},"excerpt":{"rendered":"<p>Impressum Verantwortlich nach Paragraph 10 MDStV: Dipl.-Ing. J\u00f6rg Hoffmann Hoffmann SoftwareBorstendorfer Str. 12D-09575 Eppendorf\u00a0Tel:\u00a0 037293 798263Fax: 037293 798264Steuer-Nr..: 220\/232\/04758J\u00f6rg Hoffmann Consorsbank\u00a0IBAN:\u00a0 DE34760300800230075245\u00a0BIC-Code: CSDBDE71XXXAls Kleinunternehmer im Sinne von \u00a7 19 Abs. 1 UStG wird Umsatzsteuer nicht berechnet! Sie erreichen uns unter folgenden Domains:hoffmann-software.de, kurstrend.com, assekuranzsoftware.de, lotto-experte.de, lotto-experte.eu, keno.software, jhss.de, jahreswandel.de Hinweis: Windows 95, Windows 98,Windows ME, &hellip; <a href=\"https:\/\/www.assekuranzsoftware.de\/wordpress\/impressum\/\" class=\"more-link\"><span class=\"screen-reader-text\">Impressum<\/span> weiterlesen <span class=\"meta-nav\">&rarr;<\/span><\/a><\/p>\n","protected":false},"author":1,"featured_media":0,"parent":0,"menu_order":0,"comment_status":"closed","ping_status":"closed","template":"","meta":{"footnotes":""},"class_list":["post-26","page","type-page","status-publish","hentry"],"jetpack_sharing_enabled":true,"_links":{"self":[{"href":"https:\/\/www.assekuranzsoftware.de\/wordpress\/wp-json\/wp\/v2\/pages\/26","targetHints":{"allow":["GET"]}}],"collection":[{"href":"https:\/\/www.assekuranzsoftware.de\/wordpress\/wp-json\/wp\/v2\/pages"}],"about":[{"href":"https:\/\/www.assekuranzsoftware.de\/wordpress\/wp-json\/wp\/v2\/types\/page"}],"author":[{"embeddable":true,"href":"https:\/\/www.assekuranzsoftware.de\/wordpress\/wp-json\/wp\/v2\/users\/1"}],"replies":[{"embeddable":true,"href":"https:\/\/www.assekuranzsoftware.de\/wordpress\/wp-json\/wp\/v2\/comments?post=26"}],"version-history":[{"count":5,"href":"https:\/\/www.assekuranzsoftware.de\/wordpress\/wp-json\/wp\/v2\/pages\/26\/revisions"}],"predecessor-version":[{"id":46,"href":"https:\/\/www.assekuranzsoftware.de\/wordpress\/wp-json\/wp\/v2\/pages\/26\/revisions\/46"}],"wp:attachment":[{"href":"https:\/\/www.assekuranzsoftware.de\/wordpress\/wp-json\/wp\/v2\/media?parent=26"}],"curies":[{"name":"wp","href":"https:\/\/api.w.org\/{rel}","templated":true}]}}