{"id":36,"date":"2023-01-27T12:52:27","date_gmt":"2023-01-27T11:52:27","guid":{"rendered":"https:\/\/www.assekuranzsoftware.de\/wordpress\/?page_id=36"},"modified":"2023-01-27T12:52:27","modified_gmt":"2023-01-27T11:52:27","slug":"raspberry-pi","status":"publish","type":"page","link":"https:\/\/www.assekuranzsoftware.de\/wordpress\/raspberry-pi\/","title":{"rendered":"Raspberry PI"},"content":{"rendered":"\n<p>Ich verwende im Moment drei Raspberry Pi in meinem Haus. Ich finde diese kleinen Ein-Platinen-Rechner genial. Die M\u00f6glichkeiten reichen von Min Rechner f\u00fcr Schule bis Smart-Home-System. Wer keinen Rechner hat kann diesem mit einer Tastatur versehen und ans TV-Ger\u00e4t anschlie\u00dfen. Damit hat man alle M\u00f6glichkeiten von Textverarbeitung \u00fcber Email bis Programmierung. <\/p>\n\n\n\n<ul class=\"wp-block-list\">\n<li>Ein Raspberry dient mir als Medienzentrale. hier sind zwei USB Haupauge WinTV HVR 930C  angeschlossen. Mit diesen kann ich gleichzeitig zwei Programm aufzeichnen oder eine Aufzeichnen und eine TV Sender streamen.  Die Aufnahmen werden auf eine 1,5TB Festplatte abgelegt und nach der Aufnahmen automatisch geschnitten (bei FreeTV der Anfang und Ende, bei Pro7 und Sat1 die Werbung)  und komprimiert abgelegt. Ich kopiere die Filme nach dem komprimieren auch noch auf meinen RaspPi  Mehr dazu auf <a href=\"https:\/\/www.hoffmann-software.de\/raspi\/\">Temperatursteuerung f\u00fcr Raspberry Pi (hoffmann-software.de)<\/a> Zur Wiedergabe der gespeicherten Filme verwende ich Kodi auf den jeweilige Wiedergabeger\u00e4te  (TV, Beamer, PC)<\/li>\n\n\n\n<li>der zweite Raspberry PI ist ein \u00e4lterer V3 und dient mir aus Druckserver f\u00fcr meinen einfachen 3D Drucker. Darauf ist<a href=\"https:\/\/octoprint.org\/download\/\"> OctoPrint <\/a>installiert und diesen schalte ich \u00fcber einen Sonoff WiFi Schalter nur direkt mit dem Drucker ein.  Ich habe eine alte USB Web-Cam mit angeschlossen um den Drucker zu \u00fcberwachen. <\/li>\n\n\n\n<li>Der dritte ich der <a href=\"https:\/\/www.home-assistant.io\/installation\/raspberrypi\/\">Home Assistant Server<\/a>. Es gibt Images (also vorbereitete komplett Installationen) f\u00fcr jeden Zweck, aber ich verwende hier ein normales <a href=\"https:\/\/www.raspberrypi.com\/software\/\">Raspberry Pi&nbsp;OS<\/a>. Dies gibt mir mehr M\u00f6glichkeiten, so kann ich den Raspi auch als Media-Player Verwenden , schlie\u00dflich hat er einen FullHD HDMI Display-Ausgang.  Ich hab auch noch einen einfachen Temperatur-Sensor mit Mini-Display angeschlossen, welcher \u00fcber ein kleines Python-Programm lauf. Dieser RaspPI muss zus\u00e4tzlich auch noch als Samba-Server mit USB-Festplatte arbeiten. <\/li>\n<\/ul>\n","protected":false},"excerpt":{"rendered":"<p>Ich verwende im Moment drei Raspberry Pi in meinem Haus. Ich finde diese kleinen Ein-Platinen-Rechner genial. Die M\u00f6glichkeiten reichen von Min Rechner f\u00fcr Schule bis Smart-Home-System. Wer keinen Rechner hat kann diesem mit einer Tastatur versehen und ans TV-Ger\u00e4t anschlie\u00dfen. Damit hat man alle M\u00f6glichkeiten von Textverarbeitung \u00fcber Email bis Programmierung.<\/p>\n","protected":false},"author":1,"featured_media":0,"parent":0,"menu_order":0,"comment_status":"closed","ping_status":"closed","template":"","meta":{"footnotes":""},"class_list":["post-36","page","type-page","status-publish","hentry"],"jetpack_sharing_enabled":true,"_links":{"self":[{"href":"https:\/\/www.assekuranzsoftware.de\/wordpress\/wp-json\/wp\/v2\/pages\/36","targetHints":{"allow":["GET"]}}],"collection":[{"href":"https:\/\/www.assekuranzsoftware.de\/wordpress\/wp-json\/wp\/v2\/pages"}],"about":[{"href":"https:\/\/www.assekuranzsoftware.de\/wordpress\/wp-json\/wp\/v2\/types\/page"}],"author":[{"embeddable":true,"href":"https:\/\/www.assekuranzsoftware.de\/wordpress\/wp-json\/wp\/v2\/users\/1"}],"replies":[{"embeddable":true,"href":"https:\/\/www.assekuranzsoftware.de\/wordpress\/wp-json\/wp\/v2\/comments?post=36"}],"version-history":[{"count":1,"href":"https:\/\/www.assekuranzsoftware.de\/wordpress\/wp-json\/wp\/v2\/pages\/36\/revisions"}],"predecessor-version":[{"id":37,"href":"https:\/\/www.assekuranzsoftware.de\/wordpress\/wp-json\/wp\/v2\/pages\/36\/revisions\/37"}],"wp:attachment":[{"href":"https:\/\/www.assekuranzsoftware.de\/wordpress\/wp-json\/wp\/v2\/media?parent=36"}],"curies":[{"name":"wp","href":"https:\/\/api.w.org\/{rel}","templated":true}]}}